{"id":2901,"date":"2024-08-16T17:28:41","date_gmt":"2024-08-16T17:28:41","guid":{"rendered":"https:\/\/acicap.org.br\/?page_id=2901"},"modified":"2025-10-03T18:12:21","modified_gmt":"2025-10-03T18:12:21","slug":"direcao","status":"publish","type":"page","link":"https:\/\/acicap.org.br\/direcao\/","title":{"rendered":"Dire\u00e7\u00e3o"},"content":{"rendered":"\t\t<div data-elementor-type=\"wp-page\" data-elementor-id=\"2901\" class=\"elementor elementor-2901\" data-elementor-post-type=\"page\">\n\t\t\t\t<div class=\"elementor-element elementor-element-1796b0e top-banner-container e-flex e-con-boxed e-con e-parent\" data-id=\"1796b0e\" data-element_type=\"container\" data-e-type=\"container\">\n\t\t\t\t\t<div class=\"e-con-inner\">\n\t\t\t\t<div class=\"elementor-element elementor-element-2c08f02 elementor-widget elementor-widget-image\" data-id=\"2c08f02\" data-element_type=\"widget\" data-e-type=\"widget\" data-widget_type=\"image.default\">\n\t\t\t\t<div class=\"elementor-widget-container\">\n\t\t\t\t\t\t\t\t\t\t\t\t\t\t\t<img fetchpriority=\"high\" decoding=\"async\" width=\"1440\" height=\"442\" src=\"https:\/\/acicap.org.br\/wp-content\/uploads\/2025\/10\/IMG_PADRAO_ZIONACES_DIRETORIA.jpg\" class=\"attachment-full size-full wp-image-92764\" alt=\"\" srcset=\"https:\/\/acicap.org.br\/wp-content\/uploads\/2025\/10\/IMG_PADRAO_ZIONACES_DIRETORIA.jpg 1440w, https:\/\/acicap.org.br\/wp-content\/uploads\/2025\/10\/IMG_PADRAO_ZIONACES_DIRETORIA-300x92.jpg 300w, https:\/\/acicap.org.br\/wp-content\/uploads\/2025\/10\/IMG_PADRAO_ZIONACES_DIRETORIA-1024x314.jpg 1024w, https:\/\/acicap.org.br\/wp-content\/uploads\/2025\/10\/IMG_PADRAO_ZIONACES_DIRETORIA-768x236.jpg 768w\" sizes=\"(max-width: 1440px) 100vw, 1440px\" \/>\t\t\t\t\t\t\t\t\t\t\t\t\t\t\t<\/div>\n\t\t\t\t<\/div>\n\t\t\t\t\t<\/div>\n\t\t\t\t<\/div>\n\t\t<div class=\"elementor-element elementor-element-936c107 e-flex e-con-boxed e-con e-parent\" data-id=\"936c107\" data-element_type=\"container\" data-e-type=\"container\">\n\t\t\t\t\t<div class=\"e-con-inner\">\n\t\t\t\t<div class=\"elementor-element elementor-element-7fced20 elementor-widget elementor-widget-heading\" data-id=\"7fced20\" data-element_type=\"widget\" data-e-type=\"widget\" data-widget_type=\"heading.default\">\n\t\t\t\t<div class=\"elementor-widget-container\">\n\t\t\t\t\t<h1 class=\"elementor-heading-title elementor-size-default\">Diretorias<\/h1>\t\t\t\t<\/div>\n\t\t\t\t<\/div>\n\t\t\t\t\t<\/div>\n\t\t\t\t<\/div>\n\t\t<div class=\"elementor-element elementor-element-063168d e-flex e-con-boxed e-con e-parent\" data-id=\"063168d\" data-element_type=\"container\" data-e-type=\"container\">\n\t\t\t\t\t<div class=\"e-con-inner\">\n\t\t\t\t<div class=\"elementor-element elementor-element-a9bfbb7 elementor-widget elementor-widget-shortcode\" data-id=\"a9bfbb7\" data-element_type=\"widget\" data-e-type=\"widget\" data-widget_type=\"shortcode.default\">\n\t\t\t\t<div class=\"elementor-widget-container\">\n\t\t\t\t\t\t\t<div class=\"elementor-shortcode\">        <div class=\"filtro-diretoria\" style=\"margin-bottom: 30px;\">\n            <form method=\"GET\" action=\"\" id=\"diretoria-filter-form\">\n                <label for=\"ano-diretor-select\" style=\"margin-right: 10px;\">Gest\u00e3o:<\/label>\n                <select name=\"ano-diretor\" id=\"ano-diretor-select\">\n                    <option value=\"2025-2026\"  selected='selected'>2025\/2026<\/option><option value=\"2024-2024\" >2024\/2024<\/option><option value=\"2023-2024\" >2023\/2024<\/option><option value=\"2021-2022\" >2021\/2022<\/option><option value=\"2020-2022\" >2020\/2022<\/option><option value=\"2019-2020\" >2019\/2020<\/option><option value=\"2018-2020\" >2018\/2020<\/option><option value=\"2016-2018\" >2016\/2018<\/option><option value=\"2014-2016\" >2014\/2016<\/option><option value=\"2012-2014\" >2012\/2014<\/option><option value=\"2010-2012\" >2010\/2012<\/option><option value=\"2008-2010\" >2008\/2010<\/option><option value=\"2007-2008\" >2007\/2008<\/option><option value=\"2006-2008\" >2006\/2008<\/option><option value=\"2006-2007\" >2006\/2007<\/option><option value=\"2005-2006\" >2005\/2006<\/option><option value=\"2004-2006\" >2004\/2006<\/option><option value=\"2003-2005\" >2003\/2005<\/option><option value=\"2002-2004\" >2002\/2004<\/option><option value=\"2001-2004\" >2001\/2004<\/option><option value=\"2001-2003\" >2001\/2003<\/option><option value=\"2000-2002\" >2000\/2002<\/option><option value=\"1999-2001\" >1999\/2001<\/option><option value=\"1999-1999\" >1999\/1999<\/option><option value=\"1998-2000\" >1998\/2000<\/option><option value=\"1998-1999\" >1998\/1999<\/option><option value=\"1997-1999\" >1997\/1999<\/option><option value=\"1996-1998\" >1996\/1998<\/option><option value=\"1995-1996\" >1995\/1996<\/option><option value=\"1994-1997\" >1994\/1997<\/option><option value=\"1994-1996\" >1994\/1996<\/option><option value=\"1994-1995\" >1994\/1995<\/option><option value=\"1994-1994\" >1994\/1994<\/option><option value=\"1993-1994\" >1993\/1994<\/option><option value=\"1992-1994\" >1992\/1994<\/option><option value=\"1992-1992\" >1992\/1992<\/option><option value=\"1991-1992\" >1991\/1992<\/option><option value=\"1990-1994\" >1990\/1994<\/option><option value=\"1990-1991\" >1990\/1991<\/option><option value=\"1990-1990\" >1990\/1990<\/option><option value=\"1989-1992\" >1989\/1992<\/option><option value=\"1989-1990\" >1989\/1990<\/option><option value=\"1987-1989\" >1987\/1989<\/option><option value=\"1987-1988\" >1987\/1988<\/option><option value=\"1986-1988\" >1986\/1988<\/option><option value=\"1985-1987\" >1985\/1987<\/option><option value=\"1984-1985\" >1984\/1985<\/option><option value=\"1983-1984\" >1983\/1984<\/option><option value=\"1982-1985\" >1982\/1985<\/option><option value=\"1982-1983\" >1982\/1983<\/option><option value=\"1981-1982\" >1981\/1982<\/option><option value=\"1980-1986\" >1980\/1986<\/option><option value=\"1980-1981\" >1980\/1981<\/option><option value=\"1979-1981\" >1979\/1981<\/option><option value=\"1979-1980\" >1979\/1980<\/option><option value=\"1978-1979\" >1978\/1979<\/option><option value=\"1977-1978\" >1977\/1978<\/option><option value=\"1976-1980\" >1976\/1980<\/option><option value=\"1976-1979\" >1976\/1979<\/option><option value=\"1976-1977\" >1976\/1977<\/option><option value=\"1976-1976\" >1976\/1976<\/option><option value=\"1971-1976\" >1971\/1976<\/option><option value=\"1968-1970\" >1968\/1970<\/option><option value=\"1964-1967\" >1964\/1967<\/option><option value=\"1962-1963\" >1962\/1963<\/option><option value=\"1961-1961\" >1961\/1961<\/option><option value=\"1959-1960\" >1959\/1960<\/option><option value=\"1957-1958\" >1957\/1958<\/option><option value=\"1953-1956\" >1953\/1956<\/option><option value=\"1951-1952\" >1951\/1952<\/option><option value=\"1948-1950\" >1948\/1950<\/option><option value=\"1944-1947\" >1944\/1947<\/option>                <\/select>\n                <noscript><button type=\"submit\">Filtrar<\/button><\/noscript>\n            <\/form>\n            <script>\n                document.getElementById('ano-diretor-select').addEventListener('change', function() {\n                    \/\/ Remove ancora ao acessar pelo link dos presidentes\n                    var urlWithoutHash = window.location.href.split('#')[0];\n                    var form = document.getElementById('diretoria-filter-form');\n                    form.action = urlWithoutHash;\n                    form.submit();\n                });\n            <\/script>\n        <\/div>\n    \n    <div class=\"diretoria-grid\">\n        <p>Nenhum membro da diretoria encontrado para esta gest\u00e3o.<\/p>    <\/div>\n\n    <\/div>\n\t\t\t\t\t\t<\/div>\n\t\t\t\t<\/div>\n\t\t\t\t\t<\/div>\n\t\t\t\t<\/div>\n\t\t<div class=\"elementor-element elementor-element-4826d5e e-flex e-con-boxed e-con e-parent\" data-id=\"4826d5e\" data-element_type=\"container\" data-e-type=\"container\" id=\"presidentes\">\n\t\t\t\t\t<div class=\"e-con-inner\">\n\t\t\t\t<div class=\"elementor-element elementor-element-303ec83 elementor-widget elementor-widget-heading\" data-id=\"303ec83\" data-element_type=\"widget\" data-e-type=\"widget\" data-widget_type=\"heading.default\">\n\t\t\t\t<div class=\"elementor-widget-container\">\n\t\t\t\t\t<h2 class=\"elementor-heading-title elementor-size-default\">Galeria dos presidentes<\/h2>\t\t\t\t<\/div>\n\t\t\t\t<\/div>\n\t\t\t\t\t<\/div>\n\t\t\t\t<\/div>\n\t\t<div class=\"elementor-element elementor-element-8436ce2 e-flex e-con-boxed e-con e-parent\" data-id=\"8436ce2\" data-element_type=\"container\" data-e-type=\"container\">\n\t\t\t\t\t<div class=\"e-con-inner\">\n\t\t\t\t<div class=\"elementor-element elementor-element-3df8be0 elementor-grid-1 elementor-grid-tablet-2 elementor-grid-mobile-1 elementor-widget elementor-widget-loop-grid\" data-id=\"3df8be0\" data-element_type=\"widget\" data-e-type=\"widget\" data-settings=\"{&quot;template_id&quot;:1635,&quot;columns&quot;:1,&quot;_skin&quot;:&quot;post&quot;,&quot;columns_tablet&quot;:&quot;2&quot;,&quot;columns_mobile&quot;:&quot;1&quot;,&quot;edit_handle_selector&quot;:&quot;[data-elementor-type=\\&quot;loop-item\\&quot;]&quot;,&quot;row_gap&quot;:{&quot;unit&quot;:&quot;px&quot;,&quot;size&quot;:&quot;&quot;,&quot;sizes&quot;:[]},&quot;row_gap_tablet&quot;:{&quot;unit&quot;:&quot;px&quot;,&quot;size&quot;:&quot;&quot;,&quot;sizes&quot;:[]},&quot;row_gap_mobile&quot;:{&quot;unit&quot;:&quot;px&quot;,&quot;size&quot;:&quot;&quot;,&quot;sizes&quot;:[]}}\" data-widget_type=\"loop-grid.post\">\n\t\t\t\t<div class=\"elementor-widget-container\">\n\t\t\t\t\t\t\t<div class=\"e-loop-nothing-found-message\">\n\t\t<\/div>\n\t\t\t\t\t\t<\/div>\n\t\t\t\t<\/div>\n\t\t\t\t<div class=\"elementor-element elementor-element-62743f4 elementor-widget elementor-widget-html\" data-id=\"62743f4\" data-element_type=\"widget\" data-e-type=\"widget\" data-widget_type=\"html.default\">\n\t\t\t\t<div class=\"elementor-widget-container\">\n\t\t\t\t\t<div id=\"quickview-popup-galeria\" style=\"display:none;\">\r\n  <div id=\"quickview-overlay-galeria\"><\/div>\r\n  <div id=\"quickview-content-galeria\">\r\n    <h2 id=\"quickview-title-galeria\"><\/h2>\r\n    <div id=\"quickview-body-galeria\"><\/div>\r\n    <button id=\"close-quickview-galeria\">Fechar<\/button>\r\n  <\/div>\r\n<\/div>\r\n\r\n<style>\r\n  #quickview-popup-galeria {\r\n    position: fixed; top: 0; left: 0; width: 100%; height: 100%;\r\n    background: rgba(0, 0, 0, 0.7); display: flex; justify-content: center;\r\n    align-items: center; z-index: 9999; padding: 20px;\r\n  }\r\n  #quickview-overlay-galeria {\r\n    position: absolute; top: 0; left: 0; width: 100%; height: 100%;\r\n  }\r\n  #quickview-content-galeria {\r\n    position: relative; background: #fff; padding: 30px; width: 100%;\r\n    max-width: 800px; z-index: 10; border-radius: 8px; text-align: left;\r\n  }\r\n  #quickview-title-galeria {\r\n    font-size: 28px; margin-top: 0; margin-bottom: 20px;\r\n    border-bottom: 1px solid #eee; padding-bottom: 15px;\r\n  }\r\n  #quickview-body-galeria {\r\n    overflow-y: auto; font-size: 16px; line-height: 1.6;\r\n    margin-bottom: 20px; max-height: 60vh;\r\n  }\r\n  #close-quickview-galeria {\r\n    padding: 12px 25px; background-color: #007bff; color: #fff;\r\n    border: none; cursor: pointer; border-radius: 5px; margin-top: 15px;\r\n    align-self: flex-end; transition: background-color 0.3s;\r\n  }\r\n  #close-quickview-galeria:hover { background-color: #0056b3; }\r\n<\/style>\r\n\r\n<script>\r\njQuery(function($) {\r\n  \/\/ A\u00e7\u00e3o de clique no widget do bot\u00e3o\r\n  $('body').on('click', '.btn-galeria-presidente', function(e) {\r\n    e.preventDefault();\r\n\r\n    \/\/ Encontra o link <a> dentro do widget clicado e pega o ID dele\r\n    var postId = $(this).find('a').attr('id');\r\n\r\n    \/\/ Mostra o popup e o feedback de carregamento\r\n    $('#quickview-title-galeria').html('Carregando...');\r\n    $('#quickview-body-galeria').html('');\r\n    $('#quickview-popup-galeria').fadeIn();\r\n\r\n    \/\/ Faz a chamada AJAX para buscar os dados\r\n    $.ajax({\r\n      url: '\/wp-admin\/admin-ajax.php',\r\n      type: 'POST',\r\n      data: {\r\n        action: 'load_galeria_presidente_content',\r\n        post_id: postId\r\n      },\r\n      success: function(response) {\r\n        if (response.success) {\r\n          const data = response.data;\r\n          $('#quickview-title-galeria').html(data.title);\r\n          $('#quickview-body-galeria').html(data.conteudo);\r\n        } else {\r\n          $('#quickview-title-galeria').html('Erro');\r\n          $('#quickview-body-galeria').html('N\u00e3o foi poss\u00edvel carregar o conte\u00fado.');\r\n          console.error('Erro retornado pelo servidor:', response.data.message);\r\n        }\r\n      },\r\n      error: function() {\r\n        $('#quickview-title-galeria').html('Erro de Conex\u00e3o');\r\n        $('#quickview-body-galeria').html('Houve um problema de comunica\u00e7\u00e3o com o servidor.');\r\n      }\r\n    });\r\n  });\r\n\r\n  \/\/ A\u00e7\u00e3o para fechar o modal\r\n  $('#close-quickview-galeria, #quickview-overlay-galeria').click(function(e) {\r\n      if (e.target !== this) {\r\n          return;\r\n      }\r\n      $('#quickview-popup-galeria').fadeOut();\r\n  });\r\n});\r\n<\/script>\t\t\t\t<\/div>\n\t\t\t\t<\/div>\n\t\t\t\t\t<\/div>\n\t\t\t\t<\/div>\n\t\t<div class=\"elementor-element elementor-element-935f0fe e-flex e-con-boxed e-con e-parent\" data-id=\"935f0fe\" data-element_type=\"container\" data-e-type=\"container\">\n\t\t\t\t\t<div class=\"e-con-inner\">\n\t\t\t\t<div class=\"elementor-element elementor-element-6e44f20 elementor-grid-4 elementor-grid-tablet-2 elementor-grid-mobile-1 elementor-widget elementor-widget-loop-grid\" data-id=\"6e44f20\" data-element_type=\"widget\" data-e-type=\"widget\" data-settings=\"{&quot;columns&quot;:4,&quot;template_id&quot;:&quot;1655&quot;,&quot;pagination_type&quot;:&quot;load_more_on_click&quot;,&quot;_skin&quot;:&quot;post&quot;,&quot;columns_tablet&quot;:&quot;2&quot;,&quot;columns_mobile&quot;:&quot;1&quot;,&quot;edit_handle_selector&quot;:&quot;[data-elementor-type=\\&quot;loop-item\\&quot;]&quot;,&quot;load_more_spinner&quot;:{&quot;value&quot;:&quot;fas fa-spinner&quot;,&quot;library&quot;:&quot;fa-solid&quot;},&quot;row_gap&quot;:{&quot;unit&quot;:&quot;px&quot;,&quot;size&quot;:&quot;&quot;,&quot;sizes&quot;:[]},&quot;row_gap_tablet&quot;:{&quot;unit&quot;:&quot;px&quot;,&quot;size&quot;:&quot;&quot;,&quot;sizes&quot;:[]},&quot;row_gap_mobile&quot;:{&quot;unit&quot;:&quot;px&quot;,&quot;size&quot;:&quot;&quot;,&quot;sizes&quot;:[]}}\" data-widget_type=\"loop-grid.post\">\n\t\t\t\t<div class=\"elementor-widget-container\">\n\t\t\t\t\t\t\t<div class=\"e-loop-nothing-found-message\">\n\t\t\t\t\t<div class=\"e-loop-nothing-found-message__text\">\n\t\t\t\tN\u00e3o h\u00e1 presidentes para exibir.\t\t\t<\/div>\n\t\t\t<\/div>\n\t\t\t\t\t\t<\/div>\n\t\t\t\t<\/div>\n\t\t\t\t\t<\/div>\n\t\t\t\t<\/div>\n\t\t\t\t<\/div>\n\t\t","protected":false},"excerpt":{"rendered":"<p>Diretorias Galeria dos presidentes Fechar<\/p>\n","protected":false},"author":13,"featured_media":0,"parent":0,"menu_order":0,"comment_status":"closed","ping_status":"closed","template":"elementor_header_footer","meta":{"_acf_changed":false,"_joinchat":[],"footnotes":""},"class_list":["post-2901","page","type-page","status-publish","hentry"],"acf":false,"yoast_head":"<!-- This site is optimized with the Yoast SEO plugin v27.4 - https:\/\/yoast.com\/product\/yoast-seo-wordpress\/ -->\n<title>Dire\u00e7\u00e3o - ACE<\/title>\n<meta name=\"robots\" content=\"index, follow, max-snippet:-1, max-image-preview:large, max-video-preview:-1\" \/>\n<link rel=\"canonical\" href=\"https:\/\/acicap.org.br\/direcao\/\" \/>\n<meta property=\"og:locale\" content=\"pt_BR\" \/>\n<meta property=\"og:type\" content=\"article\" \/>\n<meta property=\"og:title\" content=\"Dire\u00e7\u00e3o - ACE\" \/>\n<meta property=\"og:description\" content=\"Diretorias Galeria dos presidentes Fechar\" \/>\n<meta property=\"og:url\" content=\"https:\/\/acicap.org.br\/direcao\/\" \/>\n<meta property=\"og:site_name\" content=\"ACE\" \/>\n<meta property=\"article:modified_time\" content=\"2025-10-03T18:12:21+00:00\" \/>\n<meta property=\"og:image\" content=\"https:\/\/acicap.org.br\/wp-content\/uploads\/2025\/10\/IMG_PADRAO_ZIONACES_DIRETORIA.jpg\" \/>\n<meta name=\"twitter:card\" content=\"summary_large_image\" \/>\n<meta name=\"twitter:label1\" content=\"Est. tempo de leitura\" \/>\n\t<meta name=\"twitter:data1\" content=\"4 minutos\" \/>\n<script type=\"application\/ld+json\" class=\"yoast-schema-graph\">{\"@context\":\"https:\\\/\\\/schema.org\",\"@graph\":[{\"@type\":\"WebPage\",\"@id\":\"https:\\\/\\\/acicap.org.br\\\/direcao\\\/\",\"url\":\"https:\\\/\\\/acicap.org.br\\\/direcao\\\/\",\"name\":\"Dire\u00e7\u00e3o - ACE\",\"isPartOf\":{\"@id\":\"https:\\\/\\\/acicap.org.br\\\/#website\"},\"primaryImageOfPage\":{\"@id\":\"https:\\\/\\\/acicap.org.br\\\/direcao\\\/#primaryimage\"},\"image\":{\"@id\":\"https:\\\/\\\/acicap.org.br\\\/direcao\\\/#primaryimage\"},\"thumbnailUrl\":\"https:\\\/\\\/acicap.org.br\\\/wp-content\\\/uploads\\\/2025\\\/10\\\/IMG_PADRAO_ZIONACES_DIRETORIA.jpg\",\"datePublished\":\"2024-08-16T17:28:41+00:00\",\"dateModified\":\"2025-10-03T18:12:21+00:00\",\"breadcrumb\":{\"@id\":\"https:\\\/\\\/acicap.org.br\\\/direcao\\\/#breadcrumb\"},\"inLanguage\":\"pt-BR\",\"potentialAction\":[{\"@type\":\"ReadAction\",\"target\":[\"https:\\\/\\\/acicap.org.br\\\/direcao\\\/\"]}]},{\"@type\":\"ImageObject\",\"inLanguage\":\"pt-BR\",\"@id\":\"https:\\\/\\\/acicap.org.br\\\/direcao\\\/#primaryimage\",\"url\":\"https:\\\/\\\/acicap.org.br\\\/wp-content\\\/uploads\\\/2025\\\/10\\\/IMG_PADRAO_ZIONACES_DIRETORIA.jpg\",\"contentUrl\":\"https:\\\/\\\/acicap.org.br\\\/wp-content\\\/uploads\\\/2025\\\/10\\\/IMG_PADRAO_ZIONACES_DIRETORIA.jpg\",\"width\":1440,\"height\":442},{\"@type\":\"BreadcrumbList\",\"@id\":\"https:\\\/\\\/acicap.org.br\\\/direcao\\\/#breadcrumb\",\"itemListElement\":[{\"@type\":\"ListItem\",\"position\":1,\"name\":\"In\u00edcio\",\"item\":\"https:\\\/\\\/acicap.org.br\\\/\"},{\"@type\":\"ListItem\",\"position\":2,\"name\":\"Dire\u00e7\u00e3o\"}]},{\"@type\":\"WebSite\",\"@id\":\"https:\\\/\\\/acicap.org.br\\\/#website\",\"url\":\"https:\\\/\\\/acicap.org.br\\\/\",\"name\":\"ACE\",\"description\":\"\",\"publisher\":{\"@id\":\"https:\\\/\\\/acicap.org.br\\\/#organization\"},\"potentialAction\":[{\"@type\":\"SearchAction\",\"target\":{\"@type\":\"EntryPoint\",\"urlTemplate\":\"https:\\\/\\\/acicap.org.br\\\/?s={search_term_string}\"},\"query-input\":{\"@type\":\"PropertyValueSpecification\",\"valueRequired\":true,\"valueName\":\"search_term_string\"}}],\"inLanguage\":\"pt-BR\"},{\"@type\":\"Organization\",\"@id\":\"https:\\\/\\\/acicap.org.br\\\/#organization\",\"name\":\"ACE\",\"url\":\"https:\\\/\\\/acicap.org.br\\\/\",\"logo\":{\"@type\":\"ImageObject\",\"inLanguage\":\"pt-BR\",\"@id\":\"https:\\\/\\\/acicap.org.br\\\/#\\\/schema\\\/logo\\\/image\\\/\",\"url\":\"https:\\\/\\\/acicap.org.br\\\/wp-content\\\/uploads\\\/2024\\\/07\\\/caciopar_logo.jpg\",\"contentUrl\":\"https:\\\/\\\/acicap.org.br\\\/wp-content\\\/uploads\\\/2024\\\/07\\\/caciopar_logo.jpg\",\"width\":1024,\"height\":236,\"caption\":\"ACE\"},\"image\":{\"@id\":\"https:\\\/\\\/acicap.org.br\\\/#\\\/schema\\\/logo\\\/image\\\/\"}}]}<\/script>\n<!-- \/ Yoast SEO plugin. -->","yoast_head_json":{"title":"Dire\u00e7\u00e3o - ACE","robots":{"index":"index","follow":"follow","max-snippet":"max-snippet:-1","max-image-preview":"max-image-preview:large","max-video-preview":"max-video-preview:-1"},"canonical":"https:\/\/acicap.org.br\/direcao\/","og_locale":"pt_BR","og_type":"article","og_title":"Dire\u00e7\u00e3o - ACE","og_description":"Diretorias Galeria dos presidentes Fechar","og_url":"https:\/\/acicap.org.br\/direcao\/","og_site_name":"ACE","article_modified_time":"2025-10-03T18:12:21+00:00","og_image":[{"url":"https:\/\/acicap.org.br\/wp-content\/uploads\/2025\/10\/IMG_PADRAO_ZIONACES_DIRETORIA.jpg","type":"","width":"","height":""}],"twitter_card":"summary_large_image","twitter_misc":{"Est. tempo de leitura":"4 minutos"},"schema":{"@context":"https:\/\/schema.org","@graph":[{"@type":"WebPage","@id":"https:\/\/acicap.org.br\/direcao\/","url":"https:\/\/acicap.org.br\/direcao\/","name":"Dire\u00e7\u00e3o - ACE","isPartOf":{"@id":"https:\/\/acicap.org.br\/#website"},"primaryImageOfPage":{"@id":"https:\/\/acicap.org.br\/direcao\/#primaryimage"},"image":{"@id":"https:\/\/acicap.org.br\/direcao\/#primaryimage"},"thumbnailUrl":"https:\/\/acicap.org.br\/wp-content\/uploads\/2025\/10\/IMG_PADRAO_ZIONACES_DIRETORIA.jpg","datePublished":"2024-08-16T17:28:41+00:00","dateModified":"2025-10-03T18:12:21+00:00","breadcrumb":{"@id":"https:\/\/acicap.org.br\/direcao\/#breadcrumb"},"inLanguage":"pt-BR","potentialAction":[{"@type":"ReadAction","target":["https:\/\/acicap.org.br\/direcao\/"]}]},{"@type":"ImageObject","inLanguage":"pt-BR","@id":"https:\/\/acicap.org.br\/direcao\/#primaryimage","url":"https:\/\/acicap.org.br\/wp-content\/uploads\/2025\/10\/IMG_PADRAO_ZIONACES_DIRETORIA.jpg","contentUrl":"https:\/\/acicap.org.br\/wp-content\/uploads\/2025\/10\/IMG_PADRAO_ZIONACES_DIRETORIA.jpg","width":1440,"height":442},{"@type":"BreadcrumbList","@id":"https:\/\/acicap.org.br\/direcao\/#breadcrumb","itemListElement":[{"@type":"ListItem","position":1,"name":"In\u00edcio","item":"https:\/\/acicap.org.br\/"},{"@type":"ListItem","position":2,"name":"Dire\u00e7\u00e3o"}]},{"@type":"WebSite","@id":"https:\/\/acicap.org.br\/#website","url":"https:\/\/acicap.org.br\/","name":"ACE","description":"","publisher":{"@id":"https:\/\/acicap.org.br\/#organization"},"potentialAction":[{"@type":"SearchAction","target":{"@type":"EntryPoint","urlTemplate":"https:\/\/acicap.org.br\/?s={search_term_string}"},"query-input":{"@type":"PropertyValueSpecification","valueRequired":true,"valueName":"search_term_string"}}],"inLanguage":"pt-BR"},{"@type":"Organization","@id":"https:\/\/acicap.org.br\/#organization","name":"ACE","url":"https:\/\/acicap.org.br\/","logo":{"@type":"ImageObject","inLanguage":"pt-BR","@id":"https:\/\/acicap.org.br\/#\/schema\/logo\/image\/","url":"https:\/\/acicap.org.br\/wp-content\/uploads\/2024\/07\/caciopar_logo.jpg","contentUrl":"https:\/\/acicap.org.br\/wp-content\/uploads\/2024\/07\/caciopar_logo.jpg","width":1024,"height":236,"caption":"ACE"},"image":{"@id":"https:\/\/acicap.org.br\/#\/schema\/logo\/image\/"}}]}},"_links":{"self":[{"href":"https:\/\/acicap.org.br\/wp-json\/wp\/v2\/pages\/2901","targetHints":{"allow":["GET"]}}],"collection":[{"href":"https:\/\/acicap.org.br\/wp-json\/wp\/v2\/pages"}],"about":[{"href":"https:\/\/acicap.org.br\/wp-json\/wp\/v2\/types\/page"}],"author":[{"embeddable":true,"href":"https:\/\/acicap.org.br\/wp-json\/wp\/v2\/users\/13"}],"replies":[{"embeddable":true,"href":"https:\/\/acicap.org.br\/wp-json\/wp\/v2\/comments?post=2901"}],"version-history":[{"count":139,"href":"https:\/\/acicap.org.br\/wp-json\/wp\/v2\/pages\/2901\/revisions"}],"predecessor-version":[{"id":99148,"href":"https:\/\/acicap.org.br\/wp-json\/wp\/v2\/pages\/2901\/revisions\/99148"}],"wp:attachment":[{"href":"https:\/\/acicap.org.br\/wp-json\/wp\/v2\/media?parent=2901"}],"curies":[{"name":"wp","href":"https:\/\/api.w.org\/{rel}","templated":true}]}}